{"id":4784,"date":"2025-11-18T16:04:25","date_gmt":"2025-11-18T16:04:25","guid":{"rendered":"https:\/\/www.leandradesignsandra.fr\/?page_id=4784"},"modified":"2025-11-18T20:25:07","modified_gmt":"2025-11-18T20:25:07","slug":"%f0%9f%93%98-premades","status":"publish","type":"page","link":"https:\/\/www.leandradesignsandra.fr\/?page_id=4784","title":{"rendered":"\ud83d\udcd2PREMADES"},"content":{"rendered":"\n<div class=\"wp-block-group alignfull has-background has-global-padding is-layout-constrained wp-block-group-is-layout-constrained\" style=\"background-color:#ebc05478\">\n<div class=\"wp-block-group alignfull has-global-padding is-layout-constrained wp-block-group-is-layout-constrained\">\n<div style=\"height:30px\" aria-hidden=\"true\" class=\"wp-block-spacer\"><\/div>\n\n\n\n<p class=\"has-text-align-center has-medium-font-size\" style=\"line-height:1\">Les premades sont des couvertures d\u00e9j\u00e0 cr\u00e9\u00e9es et pr\u00eates \u00e0 \u00eatre personnalis\u00e9es avec vos informations.<br>Elles sont propos\u00e9es <strong>\u00e0 partir de 70\u20ac<\/strong>, avec la modification du titre, du nom d\u2019auteur\u00b7ice, de la saga et d\u2019une citation incluse.<\/p>\n\n\n\n<p class=\"has-text-align-center has-medium-font-size\" style=\"line-height:1\">De petits ajustements sont possibles pour harmoniser la couverture \u00e0 votre roman.<br>Toute modification plus avanc\u00e9e peut entra\u00eener un suppl\u00e9ment, selon la nature de la demande.<\/p>\n\n\n\n<div style=\"height:30px\" aria-hidden=\"true\" class=\"wp-block-spacer\"><\/div>\n<\/div>\n<\/div>\n\n\n\n<div style=\"height:80px\" aria-hidden=\"true\" class=\"wp-block-spacer\"><\/div>\n\n\n\n<div class=\"wp-block-group alignfull has-global-padding is-layout-constrained wp-block-group-is-layout-constrained\">\n<div class=\"wp-block-columns is-layout-flex wp-container-core-columns-is-layout-28f84493 wp-block-columns-is-layout-flex\">\n<div class=\"wp-block-column is-vertically-aligned-center is-layout-flow wp-block-column-is-layout-flow\">\n<div class=\"wp-block-cover is-light has-parallax\" style=\"min-height:50px;aspect-ratio:unset;\"><div class=\"wp-block-cover__image-background wp-image-4468 has-parallax\" style=\"background-position:50% 50%;background-image:url(https:\/\/www.leandradesignsandra.fr\/wp-content\/uploads\/2025\/11\/SERVICES-scaled.jpg)\"><\/div><span aria-hidden=\"true\" class=\"wp-block-cover__background has-background-dim-0 has-background-dim\"><\/span><div class=\"wp-block-cover__inner-container is-layout-flow wp-block-cover-is-layout-flow\">\n<h2 class=\"wp-block-heading has-text-align-left\">\ud83c\udf19 <strong>Une premade, c\u2019est une \u00e9motion en attente d\u2019un roman.<\/strong><\/h2>\n\n\n\n<p class=\"has-text-align-left has-medium-font-size\" style=\"line-height:1\">Le tarif des premades inclut toutes les personnalisations essentielles : <strong>titre, nom d\u2019auteur\u00b7ice, nom de saga, citation ou r\u00e9sum\u00e9<\/strong>.<br>J\u2019ajuste \u00e9galement les petits d\u00e9tails \u2014 couleurs, lumi\u00e8re, placement du texte \u2014 afin d\u2019harmoniser la couverture avec l\u2019univers de votre histoire.<\/p>\n\n\n\n<p class=\"has-medium-font-size\" style=\"line-height:1\">Besoin de modifier une couleur, d\u2019ajouter un \u00e9l\u00e9ment, ou de transformer un d\u00e9tail visuel ?<br>C\u2019est possible.<br>Certaines demandes n\u00e9cessitent simplement plus de travail, et un <strong>l\u00e9ger suppl\u00e9ment<\/strong> peut s\u2019appliquer selon la modification souhait\u00e9e.<\/p>\n\n\n\n<p class=\"has-medium-font-size\" style=\"line-height:1\">Choisir une premade, c\u2019est faire le choix d\u2019une couverture <strong>professionnelle, unique et personnalis\u00e9e<\/strong>, sans renoncer \u00e0 la qualit\u00e9 \u2014 une solution accessible qui donne vie \u00e0 votre roman en douceur, avec soin et pr\u00e9cision.<\/p>\n\n\n\n<div style=\"height:30px\" aria-hidden=\"true\" class=\"wp-block-spacer\"><\/div>\n\n\n\n<div class=\"wp-block-buttons is-content-justification-center is-layout-flex wp-container-core-buttons-is-layout-a89b3969 wp-block-buttons-is-layout-flex\">\n<div class=\"wp-block-button\"><a class=\"wp-block-button__link wp-element-button\" href=\"https:\/\/forms.gle\/ijX8TaTzaPUNAjj16\">COMMANDER<\/a><\/div>\n<\/div>\n<\/div><\/div>\n<\/div>\n\n\n\n<div class=\"wp-block-column is-vertically-aligned-center is-layout-flow wp-block-column-is-layout-flow\" style=\"flex-basis:500px\">\n<figure class=\"wp-block-image alignfull size-full\"><img fetchpriority=\"high\" decoding=\"async\" width=\"1969\" height=\"2560\" src=\"https:\/\/www.leandradesignsandra.fr\/wp-content\/uploads\/2025\/11\/galaxie-jaune-2-scaled.jpg\" alt=\"\" class=\"wp-image-4887\" srcset=\"https:\/\/www.leandradesignsandra.fr\/wp-content\/uploads\/2025\/11\/galaxie-jaune-2-scaled.jpg 1969w, https:\/\/www.leandradesignsandra.fr\/wp-content\/uploads\/2025\/11\/galaxie-jaune-2-231x300.jpg 231w, https:\/\/www.leandradesignsandra.fr\/wp-content\/uploads\/2025\/11\/galaxie-jaune-2-788x1024.jpg 788w, https:\/\/www.leandradesignsandra.fr\/wp-content\/uploads\/2025\/11\/galaxie-jaune-2-2000x2600.jpg 2000w\" sizes=\"(max-width: 1969px) 100vw, 1969px\" \/><\/figure>\n<\/div>\n<\/div>\n<\/div>\n\n\n\n<div style=\"height:80px\" aria-hidden=\"true\" class=\"wp-block-spacer\"><\/div>\n\n\n\n<div class=\"wp-block-cover alignfull has-parallax\" style=\"min-height:213px;aspect-ratio:unset;\"><div class=\"wp-block-cover__image-background wp-image-4290 has-parallax\" style=\"background-position:50% 50%;background-image:url(https:\/\/www.leandradesignsandra.fr\/wp-content\/uploads\/2025\/11\/ChatGPT-Image-7-nov.-2025-11_49_58.png)\"><\/div><span aria-hidden=\"true\" class=\"wp-block-cover__background has-background-dim-30 has-background-dim\"><\/span><div class=\"wp-block-cover__inner-container is-layout-flow wp-block-cover-is-layout-flow\">\n<p class=\"has-text-align-center has-large-font-size\">\u2728 <strong>Et si votre prochaine couverture existait d\u00e9j\u00e0, <\/strong><\/p>\n\n\n\n<p class=\"has-text-align-center has-large-font-size\"><strong>pr\u00eate \u00e0 devenir la v\u00f4tre ?<\/strong><\/p>\n<\/div><\/div>\n\n\n\n<div style=\"height:80px\" aria-hidden=\"true\" class=\"wp-block-spacer\"><\/div>\n\n\n\n<p><\/p>\n","protected":false},"excerpt":{"rendered":"<p>Les premades sont des couvertures d\u00e9j\u00e0 cr\u00e9\u00e9es et pr\u00eates \u00e0 \u00eatre personnalis\u00e9es avec vos informations.Elles sont propos\u00e9es \u00e0 partir de 70\u20ac, avec la modification du titre, du nom d\u2019auteur\u00b7ice, de la saga et d\u2019une citation incluse. De petits ajustements sont possibles pour harmoniser la couverture \u00e0 votre roman.Toute modification plus avanc\u00e9e peut entra\u00eener un suppl\u00e9ment, &hellip; <\/p>\n<p class=\"link-more\"><a href=\"https:\/\/www.leandradesignsandra.fr\/?page_id=4784\" class=\"more-link\">Lire la suite de<span class=\"screen-reader-text\">\u00ab\u00a0\ud83d\udcd2PREMADES\u00a0\u00bb<\/span><\/a><\/p>\n","protected":false},"author":1,"featured_media":0,"parent":0,"menu_order":0,"comment_status":"closed","ping_status":"closed","template":"","meta":{"inspiro_hide_title":false,"footnotes":""},"class_list":["post-4784","page","type-page","status-publish","hentry"],"_links":{"self":[{"href":"https:\/\/www.leandradesignsandra.fr\/index.php?rest_route=\/wp\/v2\/pages\/4784","targetHints":{"allow":["GET"]}}],"collection":[{"href":"https:\/\/www.leandradesignsandra.fr\/index.php?rest_route=\/wp\/v2\/pages"}],"about":[{"href":"https:\/\/www.leandradesignsandra.fr\/index.php?rest_route=\/wp\/v2\/types\/page"}],"author":[{"embeddable":true,"href":"https:\/\/www.leandradesignsandra.fr\/index.php?rest_route=\/wp\/v2\/users\/1"}],"replies":[{"embeddable":true,"href":"https:\/\/www.leandradesignsandra.fr\/index.php?rest_route=%2Fwp%2Fv2%2Fcomments&post=4784"}],"version-history":[{"count":110,"href":"https:\/\/www.leandradesignsandra.fr\/index.php?rest_route=\/wp\/v2\/pages\/4784\/revisions"}],"predecessor-version":[{"id":4913,"href":"https:\/\/www.leandradesignsandra.fr\/index.php?rest_route=\/wp\/v2\/pages\/4784\/revisions\/4913"}],"wp:attachment":[{"href":"https:\/\/www.leandradesignsandra.fr\/index.php?rest_route=%2Fwp%2Fv2%2Fmedia&parent=4784"}],"curies":[{"name":"wp","href":"https:\/\/api.w.org\/{rel}","templated":true}]}}