{"id":433,"date":"2020-05-07T18:30:12","date_gmt":"2020-05-07T18:30:12","guid":{"rendered":"https:\/\/www.leandradesignsandra.fr\/?page_id=433"},"modified":"2025-11-13T09:53:07","modified_gmt":"2025-11-13T09:53:07","slug":"a-propos","status":"publish","type":"page","link":"https:\/\/www.leandradesignsandra.fr\/?page_id=433","title":{"rendered":"\ud83d\udcdc \u00c0 PROPOS"},"content":{"rendered":"\n<div class=\"wp-block-group alignfull has-background has-global-padding is-layout-constrained wp-block-group-is-layout-constrained\" style=\"background-color:#ebc05478\">\n<div style=\"height:15px\" aria-hidden=\"true\" class=\"wp-block-spacer\"><\/div>\n\n\n\n<h1 class=\"wp-block-heading has-text-align-center\">\ud83c\udf19 MOI, C\u2019EST SANDRA<\/h1>\n\n\n\n<p class=\"has-text-align-center\" style=\"line-height:1\">Je suis <strong>graphiste et illustratrice ind\u00e9pendante<\/strong>, sp\u00e9cialis\u00e9e dans la cr\u00e9ation de <strong>couvertures de livres et visuels \u00e9ditoriaux<\/strong>.<\/p>\n\n\n\n<p class=\"has-text-align-center\" style=\"line-height:1\">J\u2019accompagne les <strong>auteurs, autrices et maisons d\u2019\u00e9dition<\/strong> dans la mise en lumi\u00e8re de leurs histoires, <\/p>\n\n\n\n<p class=\"has-text-align-center\" style=\"line-height:1\">\u00e0 travers des designs qui racontent, \u00e9meuvent et marquent d\u00e8s le premier regard.<\/p>\n\n\n\n<div style=\"height:25px\" aria-hidden=\"true\" class=\"wp-block-spacer\"><\/div>\n<\/div>\n\n\n\n<div style=\"height:50px\" aria-hidden=\"true\" class=\"wp-block-spacer\"><\/div>\n\n\n\n<p class=\"has-text-align-center\" style=\"font-size:clamp(16.293px, 1.018rem + ((1vw - 3.2px) * 0.771), 25px);text-transform:uppercase\">Graphiste, lectrice et autrice<\/p>\n\n\n\n<p class=\"has-text-align-center\" style=\"font-size:clamp(18.959px, 1.185rem + ((1vw - 3.2px) * 0.977), 30px);font-style:normal;font-weight:500;line-height:1\"><strong>J\u2019unis ces trois univers pour donner vie \u00e0 vos projets <\/strong><\/p>\n\n\n\n<p class=\"has-text-align-center\" style=\"font-size:clamp(18.959px, 1.185rem + ((1vw - 3.2px) * 0.977), 30px);font-style:normal;font-weight:500;line-height:1\"><strong>avec sensibilit\u00e9, intuition et exigence artistique.<\/strong><\/p>\n\n\n\n<div style=\"height:50px\" aria-hidden=\"true\" class=\"wp-block-spacer\"><\/div>\n\n\n\n<div class=\"wp-block-columns are-vertically-aligned-center is-layout-flex wp-container-core-columns-is-layout-28f84493 wp-block-columns-is-layout-flex\">\n<div class=\"wp-block-column is-vertically-aligned-center has-background is-layout-flow wp-block-column-is-layout-flow\" style=\"background-color:#ebc054;flex-basis:400px\">\n<div style=\"height:130px\" aria-hidden=\"true\" class=\"wp-block-spacer\"><\/div>\n\n\n\n<figure class=\"wp-block-image size-full is-resized is-style-default\"><img decoding=\"async\" src=\"https:\/\/www.leandradesignsandra.fr\/wp-content\/uploads\/2025\/11\/AUTOPORTRAIT-2025-SANS-FOND-2.png\" alt=\"\" class=\"wp-image-4235\" style=\"width:440px;height:auto\"\/><\/figure>\n<\/div>\n\n\n\n<div class=\"wp-block-column is-layout-flow wp-block-column-is-layout-flow\" style=\"flex-basis:10px\"><\/div>\n\n\n\n<div class=\"wp-block-column is-vertically-aligned-center is-layout-flow wp-block-column-is-layout-flow\">\n<h1 class=\"wp-block-heading has-text-align-center\">\u2728 QUI JE SUIS<\/h1>\n\n\n\n<p class=\"has-text-align-left\">Originaire du <strong>Sud-Ouest de la France<\/strong>, je vis entour\u00e9e de <strong>livres, de couleurs et de musique<\/strong> \u2014 ces trois univers qui nourrissent ma cr\u00e9ativit\u00e9 depuis toujours.<\/p>\n\n\n\n<p class=\"has-text-align-left\">Dipl\u00f4m\u00e9e en <strong>design de produits<\/strong>, j\u2019ai d\u2019abord \u00e9volu\u00e9 dans le monde de la forme, de la mati\u00e8re et de la conception avant de suivre ma v\u00e9ritable voie : celle de l\u2019<strong>image et de l\u2019\u00e9motion<\/strong>.<br>En <strong>2019<\/strong>, je me lance en freelance et fonde <strong>Leandra Design Sandra<\/strong>, mon studio de graphisme et d\u2019illustration. Rapidement, je d\u00e9couvre la magie des <strong>couvertures de romans<\/strong> : ce point de rencontre entre visuel et r\u00e9cit, entre esth\u00e9tique et ressenti.<\/p>\n\n\n\n<p class=\"has-text-align-left\">Les ann\u00e9es suivantes s\u2019encha\u00eenent comme des chapitres : mes premiers partenariats avec des maisons d\u2019\u00e9dition, des collaborations marquantes avec des autrices passionn\u00e9es, des salons du livre, puis la cr\u00e9ation de mon <strong>Carnet de Lecture<\/strong> en 2024 et le lancement de <strong>ma boutique<\/strong> en 2025.<br>Chaque \u00e9tape a fa\u00e7onn\u00e9 l\u2019artiste que je suis aujourd\u2019hui : une <strong>graphiste et illustratrice<\/strong> anim\u00e9e par la passion des histoires et l\u2019envie d\u2019en r\u00e9v\u00e9ler la beaut\u00e9.<\/p>\n\n\n\n<p class=\"has-text-align-left\">Guid\u00e9e par mon amour pour la <strong>culture cor\u00e9enne<\/strong>, les <strong>univers immersifs<\/strong> et les <strong>\u00e9motions fortes<\/strong>, j\u2019imagine des visuels o\u00f9 <strong>po\u00e9sie, \u00e9quilibre et symbolisme<\/strong> se m\u00ealent pour donner vie \u00e0 des cr\u00e9ations uniques.<br>Parce qu\u2019une image r\u00e9ussie ne se regarde pas seulement : <strong>elle se ressent<\/strong>.<\/p>\n<\/div>\n<\/div>\n\n\n\n<div style=\"height:50px\" aria-hidden=\"true\" class=\"wp-block-spacer\"><\/div>\n\n\n\n<div class=\"wp-block-cover alignfull has-parallax\" style=\"min-height:480px;aspect-ratio:unset;\"><div class=\"wp-block-cover__image-background wp-image-4290 has-parallax\" style=\"background-position:50% 50%;background-image:url(https:\/\/www.leandradesignsandra.fr\/wp-content\/uploads\/2025\/11\/ChatGPT-Image-7-nov.-2025-11_49_58-1024x683.png)\"><\/div><span aria-hidden=\"true\" class=\"wp-block-cover__background has-background-dim-30 has-background-dim\"><\/span><div class=\"wp-block-cover__inner-container is-layout-flow wp-block-cover-is-layout-flow\">\n<h2 class=\"wp-block-heading alignfull has-text-align-center has-large-font-size\">\ud83c\udf3f QUELQUES FAITS SUR MOI<\/h2>\n\n\n\n<div style=\"height:50px\" aria-hidden=\"true\" class=\"wp-block-spacer\"><\/div>\n\n\n\n<div class=\"wp-block-columns alignfull is-layout-flex wp-container-core-columns-is-layout-28f84493 wp-block-columns-is-layout-flex\">\n<div class=\"wp-block-column is-vertically-aligned-top is-layout-flow wp-block-column-is-layout-flow\" style=\"flex-basis:33.34%\">\n<p class=\"has-text-align-center has-medium-font-size\" style=\"line-height:1;text-transform:uppercase\">\ud83d\udccd<strong> Vis dans<\/strong><\/p>\n\n\n\n<p class=\"has-text-align-center has-medium-font-size\" style=\"line-height:1\">le Sud-Ouest de la France<\/p>\n<\/div>\n\n\n\n<div class=\"wp-block-column is-vertically-aligned-top is-layout-flow wp-block-column-is-layout-flow\" style=\"flex-basis:33.34%\">\n<p class=\"has-text-align-center has-medium-font-size\" style=\"line-height:1;text-transform:uppercase\">\ud83d\udcad <strong>Passionn\u00e9e par<\/strong> <\/p>\n\n\n\n<p class=\"has-text-align-center has-medium-font-size\" style=\"line-height:1\">les univers narratifs, la K-pop et <\/p>\n\n\n\n<p class=\"has-text-align-center has-medium-font-size\" style=\"line-height:1\">tout ce qui \u00e9veille l\u2019imaginaire<\/p>\n<\/div>\n\n\n\n<div class=\"wp-block-column is-vertically-aligned-top is-layout-flow wp-block-column-is-layout-flow\" style=\"flex-basis:33.33%\">\n<p class=\"has-text-align-center has-medium-font-size\" style=\"line-height:1;text-transform:uppercase\">\ud83c\udfa8 <strong>Dipl\u00f4m\u00e9e en<\/strong> <\/p>\n\n\n\n<p class=\"has-text-align-center has-medium-font-size\" style=\"line-height:1\">Design de produits, avec une \u00e2me <\/p>\n\n\n\n<p class=\"has-text-align-center has-medium-font-size\" style=\"line-height:1\">d\u2019illustratrice et de conteuse visuelle<\/p>\n<\/div>\n<\/div>\n\n\n\n<div style=\"height:50px\" aria-hidden=\"true\" class=\"wp-block-spacer\"><\/div>\n\n\n\n<div class=\"wp-block-columns alignfull is-layout-flex wp-container-core-columns-is-layout-28f84493 wp-block-columns-is-layout-flex\">\n<div class=\"wp-block-column is-vertically-aligned-bottom is-layout-flow wp-block-column-is-layout-flow\" style=\"flex-basis:33.34%\">\n<p class=\"has-text-align-center has-medium-font-size\" style=\"line-height:1;text-transform:uppercase\">\ud83d\udcda <strong>Lectrice de<\/strong><\/p>\n\n\n\n<p class=\"has-text-align-center has-medium-font-size\" style=\"line-height:1\">romances, manhwa <\/p>\n\n\n\n<p class=\"has-text-align-center has-medium-font-size\" style=\"line-height:1\">et sagas d\u2019imaginaire<\/p>\n<\/div>\n\n\n\n<div class=\"wp-block-column is-vertically-aligned-bottom is-layout-flow wp-block-column-is-layout-flow\" style=\"flex-basis:33.34%\">\n<p class=\"has-text-align-center has-medium-font-size\" style=\"line-height:1;text-transform:uppercase\">\ud83d\udcab <strong>Aime<\/strong><\/p>\n\n\n\n<p class=\"has-text-align-center has-medium-font-size\" style=\"line-height:1\">L&rsquo;art, la nature, les couleurs douces <\/p>\n\n\n\n<p class=\"has-text-align-center has-medium-font-size\" style=\"line-height:1\">et les atmosph\u00e8res cin\u00e9matiques.<\/p>\n<\/div>\n\n\n\n<div class=\"wp-block-column is-vertically-aligned-bottom is-layout-flow wp-block-column-is-layout-flow\" style=\"flex-basis:33.33%\">\n<p class=\"has-text-align-center has-medium-font-size\" style=\"line-height:1;text-transform:uppercase\">\ud83c\udfa7 <strong>Travaille toujours<\/strong> <\/p>\n\n\n\n<p class=\"has-text-align-center has-medium-font-size\" style=\"line-height:1\">Avec de la musique pour donner <\/p>\n\n\n\n<p class=\"has-text-align-center has-medium-font-size\" style=\"line-height:1\">le rythme \u00e0 mes cr\u00e9ations<\/p>\n<\/div>\n<\/div>\n\n\n\n<div style=\"height:30px\" aria-hidden=\"true\" class=\"wp-block-spacer\"><\/div>\n<\/div><\/div>\n\n\n\n<div style=\"height:49px\" aria-hidden=\"true\" class=\"wp-block-spacer\"><\/div>\n\n\n\n<p class=\"has-text-align-center has-small-font-size\">Chaque projet est une <strong>collaboration cr\u00e9ative<\/strong>, une rencontre entre vos mots et mon regard.<br>Ensemble, faisons de votre univers <strong>une \u0153uvre visuelle \u00e0 part enti\u00e8re<\/strong>, \u00e0 la fois sinc\u00e8re, esth\u00e9tique et inoubliable.<\/p>\n\n\n\n<div style=\"height:30px\" aria-hidden=\"true\" class=\"wp-block-spacer\"><\/div>\n","protected":false},"excerpt":{"rendered":"<p>\ud83c\udf19 MOI, C\u2019EST SANDRA Je suis graphiste et illustratrice ind\u00e9pendante, sp\u00e9cialis\u00e9e dans la cr\u00e9ation de couvertures de livres et visuels \u00e9ditoriaux. J\u2019accompagne les auteurs, autrices et maisons d\u2019\u00e9dition dans la mise en lumi\u00e8re de leurs histoires, \u00e0 travers des designs qui racontent, \u00e9meuvent et marquent d\u00e8s le premier regard. Graphiste, lectrice et autrice J\u2019unis ces &hellip; <\/p>\n<p class=\"link-more\"><a href=\"https:\/\/www.leandradesignsandra.fr\/?page_id=433\" class=\"more-link\">Lire la suite de<span class=\"screen-reader-text\">\u00ab\u00a0\ud83d\udcdc \u00c0 PROPOS\u00a0\u00bb<\/span><\/a><\/p>\n","protected":false},"author":1,"featured_media":0,"parent":0,"menu_order":0,"comment_status":"closed","ping_status":"closed","template":"","meta":{"inspiro_hide_title":false,"footnotes":""},"class_list":["post-433","page","type-page","status-publish","hentry"],"_links":{"self":[{"href":"https:\/\/www.leandradesignsandra.fr\/index.php?rest_route=\/wp\/v2\/pages\/433","targetHints":{"allow":["GET"]}}],"collection":[{"href":"https:\/\/www.leandradesignsandra.fr\/index.php?rest_route=\/wp\/v2\/pages"}],"about":[{"href":"https:\/\/www.leandradesignsandra.fr\/index.php?rest_route=\/wp\/v2\/types\/page"}],"author":[{"embeddable":true,"href":"https:\/\/www.leandradesignsandra.fr\/index.php?rest_route=\/wp\/v2\/users\/1"}],"replies":[{"embeddable":true,"href":"https:\/\/www.leandradesignsandra.fr\/index.php?rest_route=%2Fwp%2Fv2%2Fcomments&post=433"}],"version-history":[{"count":148,"href":"https:\/\/www.leandradesignsandra.fr\/index.php?rest_route=\/wp\/v2\/pages\/433\/revisions"}],"predecessor-version":[{"id":4613,"href":"https:\/\/www.leandradesignsandra.fr\/index.php?rest_route=\/wp\/v2\/pages\/433\/revisions\/4613"}],"wp:attachment":[{"href":"https:\/\/www.leandradesignsandra.fr\/index.php?rest_route=%2Fwp%2Fv2%2Fmedia&parent=433"}],"curies":[{"name":"wp","href":"https:\/\/api.w.org\/{rel}","templated":true}]}}