{"id":33,"date":"2024-12-12T14:37:05","date_gmt":"2024-12-12T14:37:05","guid":{"rendered":"https:\/\/www.leandradesignsandra.fr\/?page_id=33"},"modified":"2025-11-13T21:36:54","modified_gmt":"2025-11-13T21:36:54","slug":"mentions-legales","status":"publish","type":"page","link":"https:\/\/www.leandradesignsandra.fr\/?page_id=33","title":{"rendered":"\u2696\ufe0f MENTIONS L\u00c9GALES"},"content":{"rendered":"\n<p><strong>\u00c9diteur du site<\/strong><\/p>\n\n\n\n<p>Le site <em>www.leandradesignsandra.fr<\/em> est \u00e9dit\u00e9 par : <strong>Sandra Malarme \u2013 Leandra Design Sandra<\/strong><br>Statut : Artiste-auteur \/ Graphiste \u2013 Illustratrice<br>Adresse : 330, route de Pourqui\u00e8s \u2013 47500 FUMEL, France<br>SIRET : 850 642 547 00036<br>Non assujettie \u00e0 la TVA \u2013 article 293 B du CGI<br>E-mail : <strong>leandrairane@gmail.com<\/strong><\/p>\n\n\n\n<p><strong>Directrice de la publication<\/strong> <strong>:<\/strong> Sandra Malarme<\/p>\n\n\n\n<p><strong>H\u00e9bergeur<\/strong><\/p>\n\n\n\n<p>Le site <em>www.leandradesignsandra.fr<\/em> est h\u00e9berg\u00e9 par : <strong>EX2 \u2013 EX2 Technologies<\/strong><br>416 rue Saint-Pierre, suite 202 Qu\u00e9bec (Qu\u00e9bec) G1K 7P4 \u2013 Canada<br>Site : https:\/\/www.ex2.com<br>Support : https:\/\/www.ex2.com\/support<\/p>\n\n\n\n<p><strong>Propri\u00e9t\u00e9 intellectuelle<\/strong><\/p>\n\n\n\n<p>L\u2019ensemble des contenus pr\u00e9sents sur ce site \u2014 textes, illustrations, photographies, cr\u00e9ations graphiques, logos, designs, fichiers num\u00e9riques \u2014 est prot\u00e9g\u00e9 par le Code de la propri\u00e9t\u00e9 intellectuelle.<\/p>\n\n\n\n<p>Ces contenus sont la propri\u00e9t\u00e9 exclusive de <strong>Sandra Malarme \u2013 Leandra Design Sandra<\/strong>, sauf mention contraire.<\/p>\n\n\n\n<p>Toute reproduction, diffusion, modification ou utilisation, totale ou partielle, sans autorisation \u00e9crite pr\u00e9alable, est strictement interdite et constitue un d\u00e9lit de contrefa\u00e7on.<\/p>\n\n\n\n<p><strong>Protection des cr\u00e9ations<\/strong><\/p>\n\n\n\n<p>Les illustrations, couvertures de livres, identit\u00e9s visuelles, maquettes, designs graphiques et cr\u00e9ations num\u00e9riques pr\u00e9sent\u00e9es sur ce site ne peuvent \u00eatre utilis\u00e9es, reproduites ni modifi\u00e9es sans accord \u00e9crit.<\/p>\n\n\n\n<p>Toute demande doit \u00eatre envoy\u00e9e \u00e0 : <strong>leandrairena@gmail.com<\/strong><\/p>\n\n\n\n<p><strong>Liens externes et boutique<\/strong><\/p>\n\n\n\n<p>Certaines pages peuvent rediriger vers des plateformes externes (ex : <strong>BigCartel<\/strong>).<br>Les achats r\u00e9alis\u00e9s sur ces plateformes sont soumis \u00e0 leurs propres conditions g\u00e9n\u00e9rales.<\/p>\n\n\n\n<p class=\"has-primary-color has-text-color has-link-color wp-elements-cac0fa6f047653e172d39dca740ed317\">Les premades ou prestations sur devis sont r\u00e9gis par les <strong><a href=\"https:\/\/www.leandradesignsandra.fr\/?page_id=50\" data-type=\"page\" data-id=\"50\">CGV<\/a> <\/strong>de<strong> Leandra Design Sandra<\/strong>.<\/p>\n\n\n\n<p><strong>Responsabilit\u00e9<\/strong><\/p>\n\n\n\n<p>L\u2019\u00e9ditrice ne peut \u00eatre tenue responsable :<br>\u2013 des interruptions temporaires du site ;<br>\u2013 des probl\u00e8mes techniques ind\u00e9pendants de sa volont\u00e9 ;<br>\u2013 des dommages indirects li\u00e9s \u00e0 l\u2019utilisation du site ;<br>\u2013 du contenu des sites externes vers lesquels renvoient certains liens.<\/p>\n\n\n\n<p><strong>Cookies<\/strong><\/p>\n\n\n\n<p>Le site peut utiliser des cookies techniques indispensables \u00e0 son fonctionnement (s\u00e9curit\u00e9, navigation, affichage).<br>Ces cookies ne permettent pas d\u2019identifier l\u2019utilisateur et ne sont pas utilis\u00e9s \u00e0 des fins publicitaires.<\/p>\n\n\n\n<p>Aucun cookie marketing ou de suivi n\u2019est install\u00e9 volontairement.<br>Certaines extensions WordPress peuvent toutefois utiliser des cookies techniques n\u00e9cessaires \u00e0 leur fonctionnement.<\/p>\n\n\n\n<p>L\u2019utilisateur peut g\u00e9rer ou supprimer les cookies via les param\u00e8tres de son navigateur.<\/p>\n\n\n\n<p><strong>Cr\u00e9dits<\/strong><\/p>\n\n\n\n<p>Design, textes, illustrations : <strong>Leandra Design Sandra<\/strong><br>Toute reproduction est interdite sans autorisation.<\/p>\n\n\n\n<p><strong>Modification<\/strong><\/p>\n\n\n\n<p>Les mentions l\u00e9gales peuvent \u00eatre mises \u00e0 jour \u00e0 tout moment.<\/p>\n","protected":false},"excerpt":{"rendered":"<p>\u00c9diteur du site Le site www.leandradesignsandra.fr est \u00e9dit\u00e9 par : Sandra Malarme \u2013 Leandra Design SandraStatut : Artiste-auteur \/ Graphiste \u2013 IllustratriceAdresse : 330, route de Pourqui\u00e8s \u2013 47500 FUMEL, FranceSIRET : 850 642 547 00036Non assujettie \u00e0 la TVA \u2013 article 293 B du CGIE-mail : leandrairane@gmail.com Directrice de la publication : Sandra Malarme &hellip; <\/p>\n<p class=\"link-more\"><a href=\"https:\/\/www.leandradesignsandra.fr\/?page_id=33\" class=\"more-link\">Lire la suite de<span class=\"screen-reader-text\">\u00ab\u00a0\u2696\ufe0f MENTIONS L\u00c9GALES\u00a0\u00bb<\/span><\/a><\/p>\n","protected":false},"author":1,"featured_media":0,"parent":0,"menu_order":0,"comment_status":"closed","ping_status":"closed","template":"","meta":{"inspiro_hide_title":false,"footnotes":""},"class_list":["post-33","page","type-page","status-publish","hentry"],"_links":{"self":[{"href":"https:\/\/www.leandradesignsandra.fr\/index.php?rest_route=\/wp\/v2\/pages\/33","targetHints":{"allow":["GET"]}}],"collection":[{"href":"https:\/\/www.leandradesignsandra.fr\/index.php?rest_route=\/wp\/v2\/pages"}],"about":[{"href":"https:\/\/www.leandradesignsandra.fr\/index.php?rest_route=\/wp\/v2\/types\/page"}],"author":[{"embeddable":true,"href":"https:\/\/www.leandradesignsandra.fr\/index.php?rest_route=\/wp\/v2\/users\/1"}],"replies":[{"embeddable":true,"href":"https:\/\/www.leandradesignsandra.fr\/index.php?rest_route=%2Fwp%2Fv2%2Fcomments&post=33"}],"version-history":[{"count":16,"href":"https:\/\/www.leandradesignsandra.fr\/index.php?rest_route=\/wp\/v2\/pages\/33\/revisions"}],"predecessor-version":[{"id":4749,"href":"https:\/\/www.leandradesignsandra.fr\/index.php?rest_route=\/wp\/v2\/pages\/33\/revisions\/4749"}],"wp:attachment":[{"href":"https:\/\/www.leandradesignsandra.fr\/index.php?rest_route=%2Fwp%2Fv2%2Fmedia&parent=33"}],"curies":[{"name":"wp","href":"https:\/\/api.w.org\/{rel}","templated":true}]}}