{"id":1961,"date":"2024-12-12T14:36:19","date_gmt":"2024-12-12T14:36:19","guid":{"rendered":"https:\/\/www.leandradesignsandra.fr\/?page_id=1961"},"modified":"2025-12-16T10:29:03","modified_gmt":"2025-12-16T10:29:03","slug":"services","status":"publish","type":"page","link":"https:\/\/www.leandradesignsandra.fr\/?page_id=1961","title":{"rendered":"\ud83d\udcbc SERVICES"},"content":{"rendered":"\n<div class=\"wp-block-columns alignfull are-vertically-aligned-center has-background is-layout-flex wp-container-core-columns-is-layout-28f84493 wp-block-columns-is-layout-flex\" style=\"background-color:#dcccbe\">\n<div class=\"wp-block-column is-vertically-aligned-center is-layout-flow wp-block-column-is-layout-flow\">\n<h1 class=\"wp-block-heading has-text-align-center\" style=\"line-height:1\">Offrez \u00e0 votre histoire une<strong> identit\u00e9 visuelle qui lui ressemble.<\/strong><\/h1>\n\n\n\n<p class=\"has-text-align-center has-medium-font-size\" style=\"line-height:1\">\u00c0 travers mes formules, j\u2019allie esth\u00e9tisme, \u00e9motion et <\/p>\n\n\n\n<p class=\"has-text-align-center has-medium-font-size\" style=\"line-height:1\">sens du d\u00e9tail pour cr\u00e9er des visuels qui traduisent la force et <\/p>\n\n\n\n<p class=\"has-text-align-center has-medium-font-size\" style=\"line-height:1\">la beaut\u00e9 de votre r\u00e9cit, avant m\u00eame la premi\u00e8re page.<\/p>\n<\/div>\n\n\n\n<div class=\"wp-block-column is-vertically-aligned-center is-layout-flow wp-block-column-is-layout-flow\">\n<figure class=\"wp-block-image size-full\"><img fetchpriority=\"high\" decoding=\"async\" width=\"2560\" height=\"1524\" src=\"https:\/\/www.leandradesignsandra.fr\/wp-content\/uploads\/2025\/11\/Free_A4_Flyers_Grid_Mockup_1-scaled.jpg\" alt=\"\" class=\"wp-image-4326\" srcset=\"https:\/\/www.leandradesignsandra.fr\/wp-content\/uploads\/2025\/11\/Free_A4_Flyers_Grid_Mockup_1-scaled.jpg 2560w, https:\/\/www.leandradesignsandra.fr\/wp-content\/uploads\/2025\/11\/Free_A4_Flyers_Grid_Mockup_1-300x179.jpg 300w, https:\/\/www.leandradesignsandra.fr\/wp-content\/uploads\/2025\/11\/Free_A4_Flyers_Grid_Mockup_1-1024x610.jpg 1024w, https:\/\/www.leandradesignsandra.fr\/wp-content\/uploads\/2025\/11\/Free_A4_Flyers_Grid_Mockup_1-2000x1190.jpg 2000w\" sizes=\"(max-width: 2560px) 100vw, 2560px\" \/><\/figure>\n<\/div>\n<\/div>\n\n\n\n<div style=\"height:80px\" aria-hidden=\"true\" class=\"wp-block-spacer\"><\/div>\n\n\n\n<div class=\"wp-block-columns are-vertically-aligned-center is-layout-flex wp-container-core-columns-is-layout-28f84493 wp-block-columns-is-layout-flex\">\n<div class=\"wp-block-column is-vertically-aligned-center is-layout-flow wp-block-column-is-layout-flow\">\n<figure class=\"wp-block-image aligncenter size-full\"><img decoding=\"async\" width=\"1969\" height=\"2560\" src=\"https:\/\/www.leandradesignsandra.fr\/wp-content\/uploads\/2025\/11\/LUNA-scaled.jpg\" alt=\"\" class=\"wp-image-4465\" srcset=\"https:\/\/www.leandradesignsandra.fr\/wp-content\/uploads\/2025\/11\/LUNA-scaled.jpg 1969w, https:\/\/www.leandradesignsandra.fr\/wp-content\/uploads\/2025\/11\/LUNA-231x300.jpg 231w, https:\/\/www.leandradesignsandra.fr\/wp-content\/uploads\/2025\/11\/LUNA-788x1024.jpg 788w, https:\/\/www.leandradesignsandra.fr\/wp-content\/uploads\/2025\/11\/LUNA-2000x2600.jpg 2000w\" sizes=\"(max-width: 1969px) 100vw, 1969px\" \/><\/figure>\n<\/div>\n\n\n\n<div class=\"wp-block-column is-vertically-aligned-center is-layout-flow wp-block-column-is-layout-flow\">\n<div class=\"wp-block-cover aligncenter is-light has-parallax\" style=\"min-height:730px;aspect-ratio:unset;\"><div class=\"wp-block-cover__image-background wp-image-4464 size-full has-parallax\" style=\"background-position:50% 50%;background-image:url(https:\/\/www.leandradesignsandra.fr\/wp-content\/uploads\/2025\/11\/lUNA-1-scaled.jpg)\"><\/div><span aria-hidden=\"true\" class=\"wp-block-cover__background has-background-dim-0 has-background-dim\" style=\"background-color:#b7cbca\"><\/span><div class=\"wp-block-cover__inner-container is-layout-flow wp-block-cover-is-layout-flow\">\n<p class=\"has-text-align-center has-large-font-size\">\ud83c\udf19<\/p>\n\n\n\n<h1 class=\"wp-block-heading has-text-align-center\" style=\"line-height:0.6\"><strong>Formule LUNA<\/strong><\/h1>\n\n\n\n<p class=\"has-text-align-center\" style=\"line-height:1\"><em>Pour une couverture simple et \u00e9l\u00e9gante, <\/em><\/p>\n\n\n\n<p class=\"has-text-align-center\" style=\"line-height:1\"><em>pens\u00e9e pour les formats num\u00e9riques et papier.<\/em><\/p>\n\n\n\n<p class=\"has-text-align-center has-small-font-size\" style=\"line-height:1\">Brief couverture<\/p>\n\n\n\n<p class=\"has-text-align-center has-small-font-size\" style=\"line-height:1\">Design couverture ebook<\/p>\n\n\n\n<p class=\"has-text-align-center has-small-font-size\" style=\"line-height:1\">Design couverture papier<\/p>\n\n\n\n<p class=\"has-text-align-center has-small-font-size\" style=\"line-height:1\">Titre en PNG<\/p>\n\n\n\n<p class=\"has-text-align-center has-small-font-size\" style=\"line-height:1\">Rendu final PDF<\/p>\n\n\n\n<p class=\"has-text-align-center has-medium-font-size\"><strong>Prix : \u00e0 partir de 250 \u20ac<\/strong><\/p>\n\n\n\n<div class=\"wp-block-buttons is-content-justification-center is-layout-flex wp-container-core-buttons-is-layout-a89b3969 wp-block-buttons-is-layout-flex\">\n<div class=\"wp-block-button is-style-outline is-style-outline--1\"><a class=\"wp-block-button__link wp-element-button\" href=\"https:\/\/forms.gle\/D4UAKnzi29kJfgdQ7\">COMMANDER<\/a><\/div>\n<\/div>\n<\/div><\/div>\n<\/div>\n<\/div>\n\n\n\n<div style=\"height:50px\" aria-hidden=\"true\" class=\"wp-block-spacer\"><\/div>\n\n\n\n<div class=\"wp-block-columns are-vertically-aligned-center is-layout-flex wp-container-core-columns-is-layout-28f84493 wp-block-columns-is-layout-flex\">\n<div class=\"wp-block-column is-vertically-aligned-center is-layout-flow wp-block-column-is-layout-flow\">\n<div class=\"wp-block-cover aligncenter is-light has-parallax\" style=\"min-height:730px;aspect-ratio:unset;\"><div class=\"wp-block-cover__image-background wp-image-4460 size-full has-parallax\" style=\"background-position:50% 50%;background-image:url(https:\/\/www.leandradesignsandra.fr\/wp-content\/uploads\/2025\/11\/AURA-1-scaled.jpg)\"><\/div><span aria-hidden=\"true\" class=\"wp-block-cover__background has-background-dim-0 has-background-dim\" style=\"background-color:#fde8a5\"><\/span><div class=\"wp-block-cover__inner-container is-layout-flow wp-block-cover-is-layout-flow\">\n<h2 class=\"wp-block-heading has-text-align-center\" style=\"line-height:0.6\">\u2600\ufe0f<\/h2>\n\n\n\n<h1 class=\"wp-block-heading has-text-align-center\" style=\"line-height:0.6\"><strong>Formule AURA<\/strong><\/h1>\n\n\n\n<p class=\"has-text-align-center\" style=\"line-height:1\"><em>Pour une couverture compl\u00e8te et lumineuse,<\/em> <\/p>\n\n\n\n<p class=\"has-text-align-center\" style=\"line-height:1\"><em>accompagn\u00e9e de ses supports visuels.<\/em><\/p>\n\n\n\n<p class=\"has-text-align-center has-small-font-size\" style=\"line-height:1\">Brief couverture<\/p>\n\n\n\n<p class=\"has-text-align-center has-small-font-size\" style=\"line-height:1\">Design couverture ebook<\/p>\n\n\n\n<p class=\"has-text-align-center has-small-font-size\" style=\"line-height:1\">Design couverture papier<\/p>\n\n\n\n<p class=\"has-text-align-center has-small-font-size\" style=\"line-height:1\">Titre en PNG<\/p>\n\n\n\n<p class=\"has-text-align-center has-small-font-size\" style=\"line-height:1\">Rendu final PDF<\/p>\n\n\n\n<p class=\"has-text-align-center has-small-font-size\" style=\"line-height:1\">Cover reveal publication<\/p>\n\n\n\n<p class=\"has-text-align-center has-small-font-size\" style=\"line-height:1\">Visuels promotionnels r\u00e9seaux sociaux<\/p>\n\n\n\n<p class=\"has-text-align-center has-small-font-size\" style=\"line-height:1\">Marque-page assorti<\/p>\n\n\n\n<p class=\"has-text-align-center has-medium-font-size\"><strong>Prix : \u00e0 partir de 300 \u20ac<\/strong><\/p>\n\n\n\n<div class=\"wp-block-buttons is-content-justification-center is-layout-flex wp-container-core-buttons-is-layout-a89b3969 wp-block-buttons-is-layout-flex\">\n<div class=\"wp-block-button is-style-outline is-style-outline--2\"><a class=\"wp-block-button__link wp-element-button\" href=\"https:\/\/forms.gle\/D4UAKnzi29kJfgdQ7\">COMMANDER<\/a><\/div>\n<\/div>\n<\/div><\/div>\n<\/div>\n\n\n\n<div class=\"wp-block-column is-vertically-aligned-center is-layout-flow wp-block-column-is-layout-flow\">\n<figure class=\"wp-block-image aligncenter size-full\"><img decoding=\"async\" width=\"1969\" height=\"2560\" src=\"https:\/\/www.leandradesignsandra.fr\/wp-content\/uploads\/2025\/11\/AURA-scaled.jpg\" alt=\"\" class=\"wp-image-4461\" srcset=\"https:\/\/www.leandradesignsandra.fr\/wp-content\/uploads\/2025\/11\/AURA-scaled.jpg 1969w, https:\/\/www.leandradesignsandra.fr\/wp-content\/uploads\/2025\/11\/AURA-231x300.jpg 231w, https:\/\/www.leandradesignsandra.fr\/wp-content\/uploads\/2025\/11\/AURA-788x1024.jpg 788w, https:\/\/www.leandradesignsandra.fr\/wp-content\/uploads\/2025\/11\/AURA-2000x2600.jpg 2000w\" sizes=\"(max-width: 1969px) 100vw, 1969px\" \/><\/figure>\n<\/div>\n<\/div>\n\n\n\n<div style=\"height:50px\" aria-hidden=\"true\" class=\"wp-block-spacer\"><\/div>\n\n\n\n<div class=\"wp-block-columns are-vertically-aligned-center is-layout-flex wp-container-core-columns-is-layout-28f84493 wp-block-columns-is-layout-flex\">\n<div class=\"wp-block-column is-vertically-aligned-center is-layout-flow wp-block-column-is-layout-flow\">\n<figure class=\"wp-block-image aligncenter size-full\"><img loading=\"lazy\" decoding=\"async\" width=\"1969\" height=\"2560\" src=\"https:\/\/www.leandradesignsandra.fr\/wp-content\/uploads\/2025\/11\/PHOENIX-scaled.jpg\" alt=\"\" class=\"wp-image-4467\" srcset=\"https:\/\/www.leandradesignsandra.fr\/wp-content\/uploads\/2025\/11\/PHOENIX-scaled.jpg 1969w, https:\/\/www.leandradesignsandra.fr\/wp-content\/uploads\/2025\/11\/PHOENIX-231x300.jpg 231w, https:\/\/www.leandradesignsandra.fr\/wp-content\/uploads\/2025\/11\/PHOENIX-788x1024.jpg 788w, https:\/\/www.leandradesignsandra.fr\/wp-content\/uploads\/2025\/11\/PHOENIX-2000x2600.jpg 2000w\" sizes=\"(max-width: 1969px) 100vw, 1969px\" \/><\/figure>\n<\/div>\n\n\n\n<div class=\"wp-block-column is-vertically-aligned-center is-layout-flow wp-block-column-is-layout-flow\">\n<div class=\"wp-block-cover aligncenter is-light has-parallax\" style=\"min-height:730px;aspect-ratio:unset;\"><div class=\"wp-block-cover__image-background wp-image-4466 size-full has-parallax\" style=\"background-position:50% 50%;background-image:url(https:\/\/www.leandradesignsandra.fr\/wp-content\/uploads\/2025\/11\/PHOENIX-1-scaled.jpg)\"><\/div><span aria-hidden=\"true\" class=\"wp-block-cover__background has-background-dim-0 has-background-dim\" style=\"background-color:#f1c086\"><\/span><div class=\"wp-block-cover__inner-container is-layout-flow wp-block-cover-is-layout-flow\">\n<h2 class=\"wp-block-heading has-text-align-center\" style=\"line-height:0.6\">\ud83d\udd25<\/h2>\n\n\n\n<h1 class=\"wp-block-heading has-text-align-center\" style=\"line-height:0.6\"><strong>Formule PHOENIX<\/strong><\/h1>\n\n\n\n<p class=\"has-text-align-center\" style=\"line-height:1\"><em>Pour un projet \u00e9ditorial complet, fort et coh\u00e9rent, <\/em><\/p>\n\n\n\n<p class=\"has-text-align-center\" style=\"line-height:1\"><em>jusque dans les moindres d\u00e9tails.<\/em><\/p>\n\n\n\n<p class=\"has-text-align-center has-small-font-size\" style=\"line-height:1\">Brief couverture<\/p>\n\n\n\n<p class=\"has-text-align-center has-small-font-size\" style=\"line-height:1\">Design couverture ebook<\/p>\n\n\n\n<p class=\"has-text-align-center has-small-font-size\" style=\"line-height:1\">Design couverture papier<\/p>\n\n\n\n<p class=\"has-text-align-center has-small-font-size\" style=\"line-height:1\">Titre en PNG<\/p>\n\n\n\n<p class=\"has-text-align-center has-small-font-size\" style=\"line-height:1\">Rendu final PDF<\/p>\n\n\n\n<p class=\"has-text-align-center has-small-font-size\" style=\"line-height:1\">Format d\u00e9clinable reli\u00e9<\/p>\n\n\n\n<p class=\"has-text-align-center has-small-font-size\" style=\"line-height:1\">Jaspage<\/p>\n\n\n\n<p class=\"has-text-align-center has-small-font-size\" style=\"line-height:1\">Pages de garde personnalis\u00e9es<\/p>\n\n\n\n<p class=\"has-text-align-center has-medium-font-size\"><strong>Prix : \u00e0 partir de 350 \u20ac<\/strong><\/p>\n\n\n\n<div class=\"wp-block-buttons is-content-justification-center is-layout-flex wp-container-core-buttons-is-layout-a89b3969 wp-block-buttons-is-layout-flex\">\n<div class=\"wp-block-button is-style-outline is-style-outline--3\"><a class=\"wp-block-button__link wp-element-button\" href=\"https:\/\/forms.gle\/D4UAKnzi29kJfgdQ7\">COMMANDER<\/a><\/div>\n<\/div>\n<\/div><\/div>\n<\/div>\n<\/div>\n\n\n\n<div style=\"height:50px\" aria-hidden=\"true\" class=\"wp-block-spacer\"><\/div>\n\n\n\n<div class=\"wp-block-columns are-vertically-aligned-center is-layout-flex wp-container-core-columns-is-layout-28f84493 wp-block-columns-is-layout-flex\">\n<div class=\"wp-block-column is-vertically-aligned-center is-layout-flow wp-block-column-is-layout-flow\">\n<div class=\"wp-block-cover aligncenter is-light has-parallax\" style=\"min-height:730px;aspect-ratio:unset;\"><div class=\"wp-block-cover__image-background wp-image-4462 size-full has-parallax\" style=\"background-position:50% 50%;background-image:url(https:\/\/www.leandradesignsandra.fr\/wp-content\/uploads\/2025\/11\/CELESTIA-1-scaled.jpg)\"><\/div><span aria-hidden=\"true\" class=\"wp-block-cover__background has-background-dim-0 has-background-dim\" style=\"background-color:#aacda3\"><\/span><div class=\"wp-block-cover__inner-container is-layout-flow wp-block-cover-is-layout-flow\">\n<h2 class=\"wp-block-heading has-text-align-center\" style=\"line-height:1\">\ud83c\udf3f<\/h2>\n\n\n\n<h1 class=\"wp-block-heading has-text-align-center\" style=\"line-height:1\"><strong>Formule CELESTIA<\/strong><\/h1>\n\n\n\n<p class=\"has-text-align-center\" style=\"line-height:1\"><em>Pour des illustrations personnalis\u00e9es qui <\/em><\/p>\n\n\n\n<p class=\"has-text-align-center\" style=\"line-height:1\"><em>donnent vie \u00e0 vos personnages ou \u00e0 vos univers.<\/em><\/p>\n\n\n\n<p class=\"has-text-align-center has-small-font-size\" style=\"line-height:1\">Brief illustration<\/p>\n\n\n\n<p class=\"has-text-align-center has-small-font-size\" style=\"line-height:1\">Croquis pr\u00e9paratoire<\/p>\n\n\n\n<p class=\"has-text-align-center has-small-font-size\" style=\"line-height:1\">Illustration finale HD (300 dpi)<\/p>\n\n\n\n<p class=\"has-text-align-center has-small-font-size\" style=\"line-height:1\">1 retour de validation inclus<\/p>\n\n\n\n<p class=\"has-text-align-center has-small-font-size\" style=\"line-height:1\">Fond simple inclus<\/p>\n\n\n\n<p class=\"has-text-align-center has-small-font-size\" style=\"line-height:1\">Rendu final en PNG et PDF<\/p>\n\n\n\n<p class=\"has-text-align-center has-small-font-size\" style=\"line-height:1\">D\u00e9clinaisons possibles (web, print ou affiches)<\/p>\n\n\n\n<p class=\"has-text-align-center has-medium-font-size\"><strong>Prix : \u00e0 partir de 250 \u20ac<\/strong><\/p>\n\n\n\n<div class=\"wp-block-buttons is-content-justification-center is-layout-flex wp-container-core-buttons-is-layout-a89b3969 wp-block-buttons-is-layout-flex\">\n<div class=\"wp-block-button is-style-outline is-style-outline--4\"><a class=\"wp-block-button__link wp-element-button\" href=\"https:\/\/forms.gle\/D4UAKnzi29kJfgdQ7\">COMMANDER<\/a><\/div>\n<\/div>\n<\/div><\/div>\n<\/div>\n\n\n\n<div class=\"wp-block-column is-vertically-aligned-center is-layout-flow wp-block-column-is-layout-flow\">\n<figure class=\"wp-block-image aligncenter size-full\"><img loading=\"lazy\" decoding=\"async\" width=\"1969\" height=\"2560\" src=\"https:\/\/www.leandradesignsandra.fr\/wp-content\/uploads\/2025\/11\/CELESTIA-scaled.jpg\" alt=\"\" class=\"wp-image-4463\" srcset=\"https:\/\/www.leandradesignsandra.fr\/wp-content\/uploads\/2025\/11\/CELESTIA-scaled.jpg 1969w, https:\/\/www.leandradesignsandra.fr\/wp-content\/uploads\/2025\/11\/CELESTIA-231x300.jpg 231w, https:\/\/www.leandradesignsandra.fr\/wp-content\/uploads\/2025\/11\/CELESTIA-788x1024.jpg 788w, https:\/\/www.leandradesignsandra.fr\/wp-content\/uploads\/2025\/11\/CELESTIA-2000x2600.jpg 2000w\" sizes=\"(max-width: 1969px) 100vw, 1969px\" \/><\/figure>\n<\/div>\n<\/div>\n\n\n\n<div style=\"height:80px\" aria-hidden=\"true\" class=\"wp-block-spacer\"><\/div>\n\n\n\n<div class=\"wp-block-cover alignfull has-parallax\" style=\"min-height:1093px;aspect-ratio:unset;\"><div class=\"wp-block-cover__image-background wp-image-4290 has-parallax\" style=\"background-position:50% 50%;background-image:url(https:\/\/www.leandradesignsandra.fr\/wp-content\/uploads\/2025\/11\/ChatGPT-Image-7-nov.-2025-11_49_58.png)\"><\/div><span aria-hidden=\"true\" class=\"wp-block-cover__background has-background-dim-30 has-background-dim\"><\/span><div class=\"wp-block-cover__inner-container is-layout-flow wp-block-cover-is-layout-flow\">\n<div class=\"wp-block-columns is-layout-flex wp-container-core-columns-is-layout-28f84493 wp-block-columns-is-layout-flex\">\n<div class=\"wp-block-column is-vertically-aligned-center is-layout-flow wp-block-column-is-layout-flow\" style=\"flex-basis:50%\">\n<div class=\"wp-block-cover is-light\" style=\"min-height:620px;aspect-ratio:unset;\"><img loading=\"lazy\" decoding=\"async\" width=\"1969\" height=\"2560\" class=\"wp-block-cover__image-background wp-image-4468\" alt=\"\" src=\"https:\/\/www.leandradesignsandra.fr\/wp-content\/uploads\/2025\/11\/SERVICES-scaled.jpg\" data-object-fit=\"cover\" srcset=\"https:\/\/www.leandradesignsandra.fr\/wp-content\/uploads\/2025\/11\/SERVICES-scaled.jpg 1969w, https:\/\/www.leandradesignsandra.fr\/wp-content\/uploads\/2025\/11\/SERVICES-231x300.jpg 231w, https:\/\/www.leandradesignsandra.fr\/wp-content\/uploads\/2025\/11\/SERVICES-788x1024.jpg 788w, https:\/\/www.leandradesignsandra.fr\/wp-content\/uploads\/2025\/11\/SERVICES-2000x2600.jpg 2000w\" sizes=\"(max-width: 1969px) 100vw, 1969px\" \/><span aria-hidden=\"true\" class=\"wp-block-cover__background has-background-dim-0 has-background-dim\"><\/span><div class=\"wp-block-cover__inner-container is-layout-flow wp-block-cover-is-layout-flow\">\n<h1 class=\"wp-block-heading has-text-align-center has-large-font-size\">\u2728<\/h1>\n\n\n\n<h1 class=\"wp-block-heading has-text-align-center\" style=\"line-height:1\"><strong>Option suppl\u00e9mentaires<\/strong><\/h1>\n\n\n\n<p class=\"has-text-align-center\" style=\"line-height:1\"><em>Pour enrichir votre projet avec des visuels compl\u00e9mentaires <\/em><\/p>\n\n\n\n<p class=\"has-text-align-center\" style=\"line-height:1\"><em>et des supports adapt\u00e9s \u00e0 votre univers.<\/em><\/p>\n\n\n\n<div style=\"height:30px\" aria-hidden=\"true\" class=\"wp-block-spacer\"><\/div>\n\n\n\n<p class=\"has-text-align-center has-small-font-size\" style=\"line-height:1\">\ud83d\udd8b\ufe0f publications instagram<\/p>\n\n\n\n<p class=\"has-text-align-center has-small-font-size\" style=\"line-height:1\">\ud83d\udcd6 marque-page<\/p>\n\n\n\n<p class=\"has-text-align-center has-small-font-size\" style=\"line-height:1\">\ud83c\udf3f jaspages personnalis\u00e9s<\/p>\n\n\n\n<p class=\"has-text-align-center has-small-font-size\" style=\"line-height:1\">\ud83d\udcda mockup (rendu 3D)<\/p>\n\n\n\n<p class=\"has-text-align-center has-small-font-size\" style=\"line-height:1\">\ud83c\udfa8 s\u00e9parateurs ou ent\u00eates<\/p>\n\n\n\n<p class=\"has-text-align-center has-small-font-size\" style=\"line-height:1\">\ud83c\udf19 illustration int\u00e9rieure<\/p>\n\n\n\n<div style=\"height:50px\" aria-hidden=\"true\" class=\"wp-block-spacer\"><\/div>\n\n\n\n<div class=\"wp-block-buttons is-content-justification-center is-layout-flex wp-container-core-buttons-is-layout-a89b3969 wp-block-buttons-is-layout-flex\">\n<div class=\"wp-block-button is-style-outline is-style-outline--5\"><a class=\"wp-block-button__link has-x-small-font-size has-custom-font-size wp-element-button\" href=\"https:\/\/forms.gle\/vcA3Po7NmYUssrSS6\">COMMANDER<\/a><\/div>\n<\/div>\n<\/div><\/div>\n<\/div>\n\n\n\n<div class=\"wp-block-column is-layout-flow wp-block-column-is-layout-flow\" style=\"flex-basis:50%\">\n<div class=\"wp-block-cover is-light\" style=\"min-height:630px;aspect-ratio:unset;\"><img loading=\"lazy\" decoding=\"async\" width=\"1969\" height=\"2560\" class=\"wp-block-cover__image-background wp-image-4468\" alt=\"\" src=\"https:\/\/www.leandradesignsandra.fr\/wp-content\/uploads\/2025\/11\/SERVICES-scaled.jpg\" data-object-fit=\"cover\" srcset=\"https:\/\/www.leandradesignsandra.fr\/wp-content\/uploads\/2025\/11\/SERVICES-scaled.jpg 1969w, https:\/\/www.leandradesignsandra.fr\/wp-content\/uploads\/2025\/11\/SERVICES-231x300.jpg 231w, https:\/\/www.leandradesignsandra.fr\/wp-content\/uploads\/2025\/11\/SERVICES-788x1024.jpg 788w, https:\/\/www.leandradesignsandra.fr\/wp-content\/uploads\/2025\/11\/SERVICES-2000x2600.jpg 2000w\" sizes=\"(max-width: 1969px) 100vw, 1969px\" \/><span aria-hidden=\"true\" class=\"wp-block-cover__background has-background-dim-10 has-background-dim\"><\/span><div class=\"wp-block-cover__inner-container is-layout-flow wp-block-cover-is-layout-flow\">\n<div style=\"height:10px\" aria-hidden=\"true\" class=\"wp-block-spacer\"><\/div>\n\n\n\n<p class=\"has-text-align-center has-large-font-size\">\ud83c\udf1f<\/p>\n\n\n\n<h1 class=\"wp-block-heading has-text-align-center\" style=\"line-height:1\"><strong>Couverture non commerciale<\/strong><\/h1>\n\n\n\n<div style=\"height:15px\" aria-hidden=\"true\" class=\"wp-block-spacer\"><\/div>\n\n\n\n<p class=\"has-text-align-center\" style=\"line-height:1\"><em>Tu publies ton histoire sur <em>Wattpad<\/em>, <em>Fyctia<\/em> <\/em><\/p>\n\n\n\n<p class=\"has-text-align-center\" style=\"line-height:1\"><em>ou une autre plateforme d\u2019\u00e9criture ?<\/em><\/p>\n\n\n\n<p class=\"has-text-align-center\" style=\"line-height:1\"><em><br>Je propose une formule d\u00e9di\u00e9e aux projets non commerciaux, <\/em><\/p>\n\n\n\n<p class=\"has-text-align-center\" style=\"line-height:1\"><em>r\u00e9alis\u00e9e avec le m\u00eame soin qu\u2019une commande professionnelle.<\/em><\/p>\n\n\n\n<div style=\"height:20px\" aria-hidden=\"true\" class=\"wp-block-spacer\"><\/div>\n\n\n\n<p class=\"has-text-align-center has-small-font-size\" style=\"line-height:1\">\ud83d\udcab <strong>M\u00eame sans but de vente, ton histoire <\/strong><\/p>\n\n\n\n<p class=\"has-text-align-center has-small-font-size\" style=\"line-height:1\"><strong>m\u00e9rite une identit\u00e9 visuelle unique et inspirante.<\/strong><\/p>\n\n\n\n<div style=\"height:40px\" aria-hidden=\"true\" class=\"wp-block-spacer\"><\/div>\n\n\n\n<div class=\"wp-block-buttons is-content-justification-center is-layout-flex wp-container-core-buttons-is-layout-a89b3969 wp-block-buttons-is-layout-flex\">\n<div class=\"wp-block-button is-style-outline is-style-outline--6\"><a class=\"wp-block-button__link has-x-small-font-size has-custom-font-size wp-element-button\" href=\"https:\/\/forms.gle\/ujTWBgdjtK43y8tz6\">COMMANDER<\/a><\/div>\n<\/div>\n<\/div><\/div>\n<\/div>\n<\/div>\n<\/div><\/div>\n","protected":false},"excerpt":{"rendered":"<p>Offrez \u00e0 votre histoire une identit\u00e9 visuelle qui lui ressemble. \u00c0 travers mes formules, j\u2019allie esth\u00e9tisme, \u00e9motion et sens du d\u00e9tail pour cr\u00e9er des visuels qui traduisent la force et la beaut\u00e9 de votre r\u00e9cit, avant m\u00eame la premi\u00e8re page.<\/p>\n","protected":false},"author":1,"featured_media":0,"parent":0,"menu_order":0,"comment_status":"closed","ping_status":"closed","template":"","meta":{"inspiro_hide_title":false,"footnotes":""},"class_list":["post-1961","page","type-page","status-publish","hentry"],"_links":{"self":[{"href":"https:\/\/www.leandradesignsandra.fr\/index.php?rest_route=\/wp\/v2\/pages\/1961","targetHints":{"allow":["GET"]}}],"collection":[{"href":"https:\/\/www.leandradesignsandra.fr\/index.php?rest_route=\/wp\/v2\/pages"}],"about":[{"href":"https:\/\/www.leandradesignsandra.fr\/index.php?rest_route=\/wp\/v2\/types\/page"}],"author":[{"embeddable":true,"href":"https:\/\/www.leandradesignsandra.fr\/index.php?rest_route=\/wp\/v2\/users\/1"}],"replies":[{"embeddable":true,"href":"https:\/\/www.leandradesignsandra.fr\/index.php?rest_route=%2Fwp%2Fv2%2Fcomments&post=1961"}],"version-history":[{"count":277,"href":"https:\/\/www.leandradesignsandra.fr\/index.php?rest_route=\/wp\/v2\/pages\/1961\/revisions"}],"predecessor-version":[{"id":4996,"href":"https:\/\/www.leandradesignsandra.fr\/index.php?rest_route=\/wp\/v2\/pages\/1961\/revisions\/4996"}],"wp:attachment":[{"href":"https:\/\/www.leandradesignsandra.fr\/index.php?rest_route=%2Fwp%2Fv2%2Fmedia&parent=1961"}],"curies":[{"name":"wp","href":"https:\/\/api.w.org\/{rel}","templated":true}]}}